{"id":394,"date":"2024-07-22T11:03:06","date_gmt":"2024-07-22T09:03:06","guid":{"rendered":"https:\/\/www.amadeux.net\/metamedia\/?page_id=394"},"modified":"2026-02-18T13:21:44","modified_gmt":"2026-02-18T12:21:44","slug":"netiquette","status":"publish","type":"page","link":"https:\/\/www.amadeux.net\/multimedia\/supporto\/netiquette\/","title":{"rendered":"Netiquette"},"content":{"rendered":"<p class=\"rvps1\" style=\"text-align: center;\"><span class=\"rvts136\"><img loading=\"lazy\" decoding=\"async\" class=\"\" title=\"netiquette-correttezza-nel-web\" src=\"\/multimedia\/wp-content\/uploads\/netiquette_correttezza_nel_web.jpg\" alt=\"\" width=\"704\" height=\"236\"><\/span><\/p>\n<p>&nbsp;<\/p>\n<h2 class=\"rvps1\" style=\"text-align: center;\"><span class=\"rvts136\">Etica e norme di buon uso <\/span><span class=\"rvts136\">dei servizi di rete<\/span><\/h2>\n<p>&nbsp;<\/p>\n<div class=\"rvps0\">Fra gli utenti dei servizi telematici di rete, prima fra tutte la rete Internet, ed in particolare fra i lettori dei servizi di &#8220;news&#8221; Usenet, si sono sviluppati nel corso del tempo una serie di &#8220;tradizioni&#8221; e di &#8220;principi di buon comportamento&#8221; (galateo) che vanno collettivamente sotto il nome di &#8220;netiquette&#8221;. Tenendo ben a mente che la entit\u00e0 che fornisce l\u2019accesso ai servizi di rete (provider, istituzione pubblica, datore di lavoro, ecc.) pu\u00f2 regolamentare in modo ancora pi\u00f9 preciso i doveri dei propri utenti, riportiamo in questo documento un breve sunto dei principi fondamentali della &#8220;netiquette&#8221;, a cui tutti sono tenuti ad adeguarsi.<\/div>\n<p>&nbsp;<\/p>\n<div class=\"rvps1\"><b>Fornire informazioni in internet significa renderle visibili a tutto il mondo, gli autori non sono soggetti ad alcun vincolo, ma per il mondo gli autori coincidono con le informazioni fornite.<\/b><\/div>\n<p>&nbsp;<\/p>\n<hr noshade=\"noshade\" size=\"1\" \/>\n<p>&nbsp;<\/p>\n<div class=\"rvps1\">\n<h3><b>Regole di educazione<\/b><\/h3>\n<\/div>\n<p>&nbsp;<\/p>\n<div class=\"rvps0\"><b>1.<\/b>\u00a0<b>incapsulare correttamente il documento<\/b><\/div>\n<div class=\"rvps0\">iniziare con &lt;HTML&gt;&lt;TITLE&gt;&#8230;&lt;\/TITLE&gt;&lt;BODY&gt;<\/div>\n<div class=\"rvps0\">terminare con &lt;\/BODY&gt;&lt;\/HTML&gt;<\/div>\n<p>&nbsp;<\/p>\n<div class=\"rvps0\"><b>2.<\/b>\u00a0<b>apporre il titolo<\/b>\u00a0<i>che deve essere<\/i><\/div>\n<div class=\"rvps0\">specifico (legato al contesto)<\/div>\n<div class=\"rvps0\">non generico (non usare titoli come\u00a0<i>Introduzione<\/i>)<\/div>\n<div class=\"rvps0\">non troppo lungo<\/div>\n<p>&nbsp;<\/p>\n<div class=\"rvps0\"><b>3.<\/b>\u00a0<b>firmare il documento<\/b>\u00a0<i>indicando<\/i>:<\/div>\n<div class=\"rvps0\">a cura di &#8230; \u00a9 copyright &#8230; commenti e reclami a &#8230;<\/div>\n<p>&nbsp;<\/p>\n<div class=\"rvps0\"><b>4.<\/b>\u00a0<b>datare il documento<\/b>\u00a0<i>indicando<\/i>:<\/div>\n<div class=\"rvps0\">redatto il &#8230; o aggiornato il &#8230;<\/div>\n<p>&nbsp;<\/p>\n<div class=\"rvps0\"><b>5.<\/b>\u00a0<b>verificare il documento<\/b><\/div>\n<div class=\"rvps0\">sia in locale che nel suo sito definitivo<\/div>\n<p>&nbsp;<\/p>\n<hr noshade=\"noshade\" size=\"1\" \/>\n<p>&nbsp;<\/p>\n<div class=\"rvps1\">\n<h3><b>Regole di cortesia<\/b><\/h3>\n<\/div>\n<p>&nbsp;<\/p>\n<div class=\"rvps1\"><b>tener presente che molti utenti hanno linee lente<\/b><\/div>\n<div class=\"rvps1\"><b>e alcuni non hanno interfaccia grafica<\/b><\/div>\n<p>&nbsp;<\/p>\n<div class=\"rvps1\"><b>usare cautela con le immagini<\/b><\/div>\n<p>&nbsp;<\/p>\n<ul class=\"ul_0_0\">\n<li class=\"li_0_0\">non inserire immagini pi\u00f9 grandi di 10K<\/li>\n<li class=\"li_0_0\">preferire il formato JPG al formato GIF\u00a0<i>(pi\u00f9 compatto)<\/i><\/li>\n<li class=\"li_0_0\">preferire le icone alle immagini\u00a0<i>(si possono usare colori standard)<\/i><\/li>\n<li class=\"li_0_0\">per mettere a disposizione immagini, utilizzare i\u00a0<i>francobolli<\/i>\u00a0indicando la dimensione dell&#8217;immagine completa<\/li>\n<\/ul>\n<p>&nbsp;<\/p>\n<div class=\"rvps1\"><b>usare cautela con oggetti di grandi dimensioni<\/b><\/div>\n<p>&nbsp;<\/p>\n<ul class=\"ul_0_0\">\n<li class=\"li_0_0\">per mettere a disposizione contributi audio e video, specificare la dimensione e le informazioni necessarie per capire se la cosa interessa o no<\/li>\n<li class=\"li_0_0\">sotto un menu realizzato con una mappa sensitiva, mettere un menu a caratteri<\/li>\n<li class=\"li_0_0\">scrivere pagine di dimensioni ragionevoli\u00a0<i>(da 1\/2 a 5 pagine A4)<\/i><\/li>\n<\/ul>\n<p>&nbsp;<\/p>\n<div class=\"rvps1\"><b>utilizzare nomi semplici<\/b><\/div>\n<p>&nbsp;<\/p>\n<ul class=\"ul_0_0\">\n<li class=\"li_0_0\">non utilizzare caratteri speciali<\/li>\n<li class=\"li_0_0\">non mescolare maiuscole e minuscole<\/li>\n<\/ul>\n<p>&nbsp;<\/p>\n<hr noshade=\"noshade\" size=\"1\" \/>\n<p>&nbsp;<\/p>\n<div class=\"rvps1\">\n<h3><b>Regole di efficacia<\/b><\/h3>\n<\/div>\n<p>&nbsp;<\/p>\n<div class=\"rvps1\"><b>se fornite dati, si presume che vogliate comunicare qualcosa a qualcuno progettare i percorsi<\/b><\/div>\n<p>&nbsp;<\/p>\n<ul class=\"ul_0_0\">\n<li class=\"li_0_0\">progettare un buon percorso di navigazione per il lettore\u00a0<i>medio<\/i><\/li>\n<li class=\"li_0_0\">pensare anche a un percorso rapido per\u00a0<i>esperti<\/i>\u00a0dell&#8217;argomento<\/li>\n<li class=\"li_0_0\">includere richiami di approfondimento o di note o di definizioni per\u00a0<i>meno esperti<\/i><\/li>\n<li class=\"li_0_0\">pensare se \u00e8 necessario preparare un help<\/li>\n<li class=\"li_0_0\">includere sempre un glossario<\/li>\n<\/ul>\n<p>&nbsp;<\/p>\n<div class=\"rvps1\"><b>organizzare la navigazione<\/b><\/div>\n<p>&nbsp;<\/p>\n<ul class=\"ul_0_0\">\n<li class=\"li_0_0\">predisporre icone per andare all&#8217;inizio o alla fine<\/li>\n<li class=\"li_0_0\">utilizzare icone di navigazione omogenee<\/li>\n<li class=\"li_0_0\">scalare i titoli in dimensione rispettando l&#8217;organizzazione del documento\u00a0<i>(capitoli, sezioni e sottosezioni)<\/i><\/li>\n<li class=\"li_0_0\">progettare la struttura di ogni pagina mantenendo la struttura dell&#8217;intero documento<\/li>\n<li class=\"li_0_0\">aiutare il lettore a sapere sempre in quale punto si trova e ad andare dove preferisce<\/li>\n<\/ul>\n<p>&nbsp;<\/p>\n<div class=\"rvps1\"><b>non essere noiosi n\u00e8 presuntuosi<\/b><\/div>\n<p>&nbsp;<\/p>\n<ul class=\"ul_0_0\">\n<li class=\"li_0_0\">non dare istruzioni sulla navigazione<\/li>\n<li class=\"li_0_0\">non spiegare i meccanismi\u00a0<i>(per chi li conosce sono banali, chi non li conosce probabilmente non capir\u00e0)<\/i><\/li>\n<li class=\"li_0_0\">non usare un linguaggio troppo tecnico<\/li>\n<li class=\"li_0_0\">non usare gerghi\u00a0<i>(escludono la maggior parte dei lettori)<\/i><\/li>\n<li class=\"li_0_0\">non usare frasi che sembrano simpatiche, ma sono banali come\u00a0<i>&#8220;clicka qui&#8221;<\/i>,\u00a0<i>&#8220;ecco un link&#8221;<\/i>, ecc.<\/li>\n<\/ul>\n<p>&nbsp;<\/p>\n<div class=\"rvps1\"><b>scrivere testi comunque leggibili<\/b><\/div>\n<p>&nbsp;<\/p>\n<div class=\"rvps1\">\u00a0\u00a0\u00a0\u00a0\u00a0il messaggio deve essere comprensibile e stampabile:<\/div>\n<p>&nbsp;<\/p>\n<ul class=\"ul_0_0\">\n<li class=\"li_0_0\">anche senza utilizzare i\u00a0<i>link<\/i><\/li>\n<li class=\"li_0_0\">anche senza i contributi multimediali<\/li>\n<li class=\"li_0_0\">anche senza immagini\u00a0<i>(se si scrive nelle immagini, ripetere il testo)<\/i><\/li>\n<li class=\"li_0_0\">anche da persone senza cultura tecnica<\/li>\n<\/ul>\n<p>&nbsp;<\/p>\n<div class=\"rvps1\"><b>verificare i risultati<\/b><\/div>\n<p>&nbsp;<\/p>\n<ul class=\"ul_0_0\">\n<li class=\"li_0_0\">far leggere il documento ad amici e collaboratori e verificare cosa hanno capito e imparato<\/li>\n<li class=\"li_0_0\">osservare le parti che vengono lette e quelle trascurate<\/li>\n<li class=\"li_0_0\">sollecitare commenti e rendere semplice e agevole il\u00a0<i>feed back<\/i><\/li>\n<li class=\"li_0_0\">precisare chiaramente se si accettano anche le critiche<\/li>\n<\/ul>\n<p>&nbsp;<\/p>\n<hr noshade=\"noshade\" size=\"1\" \/>\n<p>&nbsp;<\/p>\n<div class=\"rvps1\">\n<h3><b>Alle regole precedenti, vanno aggiunti altri criteri che derivano direttamente dal buon senso:<\/b><\/h3>\n<\/div>\n<p>&nbsp;<\/p>\n<div class=\"rvps0\">A) La rete \u00e8 utilizzata come strumento di lavoro da molti utenti. Nessuno di costoro ha tempo di leggere messaggi inutili o frivoli o di carattere personale, e dunque non di interesse generale.<\/div>\n<p>&nbsp;<\/p>\n<div class=\"rvps0\">B) Qualunque attivit\u00e0 che appesantisca il traffico o i servizi sulla rete, quali per esempio il trasferimento di archivi voluminosi o l\u2019invio di messaggi di posta elettronica contenenti grossi allegati ad un gran numero di destinatari, deteriora il rendimento complessivo in modo da ridurre il pi\u00f9 possibile l\u2019impatto sulla rete. In particolare si raccomanda di:<\/div>\n<p>&nbsp;<\/p>\n<ul class=\"ul_0_0\">\n<li class=\"li_0_0\">effettuare i trasferimenti di archivi in orari diversi da quelli di massima operativit\u00e0 (per esempio di notte), tenendo presenti le eventuali differenze di fuso orario;<\/li>\n<\/ul>\n<p>&nbsp;<\/p>\n<ul class=\"ul_0_0\">\n<li class=\"li_0_0\">non inviare per posta elettronica grosse moli di dati; indicare (ove possibile) la locazione (URL) dei dati nel messaggio, rendendoli disponibili per il prelievo o la consultazione sulla rete.<\/li>\n<\/ul>\n<p>&nbsp;<\/p>\n<div class=\"rvps0\">C) Vi sono sulla rete una serie di siti server (file server) che contengono, in copia aggiornata, documentazione, software ed altri oggetti disponibili sulla rete. Informatevi preventivamente su quale sia il nodo server pi\u00f9 accessibile per voi. Se un file \u00e8 disponibile su di esso o localmente, non vi \u00e8 alcuna ragione per prenderlo dalla rete, impegnando inutilmente la linea e impiegando un tempo sicuramente maggiore per il trasferimento.<\/div>\n<p>&nbsp;<\/p>\n<div class=\"rvps0\">D) Il software reperibile sulla rete pu\u00f2 essere coperto da brevetti e\/o vincoli di utilizzo di varia natura. Leggere sempre attentamente la documentazione di accompagnamento prima di utilizzarlo, modificarlo o re-distribuirlo in qualunque modo e sotto qualunque modo e sotto qualunque forma.<\/div>\n<p>&nbsp;<\/p>\n<div class=\"rvps0\">E) Comportamenti palesemente scorretti da parte di un utente, quali:<\/div>\n<p>&nbsp;<\/p>\n<ul class=\"ul_0_0\">\n<li class=\"li_0_0\">violare la sicurezza di archivi e computers della rete;<\/li>\n<li class=\"li_0_0\">violare la privacy di altri utenti della rete, leggendo o intercettando la posta elettronica loro destinata;<\/li>\n<li class=\"li_0_0\">compromettere il funzionamento della rete e degli apparecchi che la costituiscono con programmi (virus, trojan horses, ecc.) costruiti appositamente; costituiscono dei veri e propri crimini elettronici e come tali sono punibili dalla legge.<\/li>\n<\/ul>\n<p>&nbsp;<\/p>\n<hr noshade=\"noshade\" size=\"1\" \/>\n<p>&nbsp;<\/p>\n<div class=\"rvps1\">\n<h3><b>I DIECI COMANDAMENTI DELL&#8217;ETICA DELL&#8217;USO DEI COMPUTER<\/b><\/h3>\n<\/div>\n<p>&nbsp;<\/p>\n<div class=\"rvps1\"><b><i>dall&#8217;Istituto per l&#8217;Etica dei Computer<\/i><\/b><\/div>\n<p>&nbsp;<\/p>\n<ul class=\"ul_0_0\">\n<li class=\"li_0_0\">Non userai un computer per danneggiare altre persone.<\/li>\n<li class=\"li_0_0\">Non interferirai con il lavoro al computer di altre persone.<\/li>\n<li class=\"li_0_0\">Non ficcherai il naso nei file di altre persone.<\/li>\n<li class=\"li_0_0\">Non userai un computer per rubare.<\/li>\n<li class=\"li_0_0\">Non userai un computer per portare falsa testimonianza.<\/li>\n<li class=\"li_0_0\">Non userai o copierai software che non hai dovutamente pagato.<\/li>\n<li class=\"li_0_0\">Non userai le risorse di altri senza autorizzazione.<\/li>\n<li class=\"li_0_0\">Non ti approprierai del risultato del lavoro intellettuale altrui.<\/li>\n<li class=\"li_0_0\">Penserai alle conseguenze sociali dei programmi che scrivi.<\/li>\n<li class=\"li_0_0\">Userai il computer in un modo che mostri considerazione e rispetto.<\/li>\n<\/ul>\n<p>&nbsp;<\/p>\n<hr noshade=\"noshade\" size=\"1\" \/>\n<p>&nbsp;<\/p>\n<div class=\"rvps1\">\n<h3><b>POSTA ELETTRONICA E FILE<\/b><\/h3>\n<\/div>\n<p>&nbsp;<\/p>\n<div class=\"rvps1\"><b>RESPONSABILIT\u00c0 DELL&#8217;UTENTE<\/b><\/div>\n<p>&nbsp;<\/p>\n<div class=\"rvps1\"><b>Il contenuto e la manutenzione della casella di posta elettronica (<\/b><b><i>mailbox<\/i><\/b><b>) di un utente \u00e8 responsabilit\u00e0 dell&#8217;utente stesso:<\/b><\/div>\n<p>&nbsp;<\/p>\n<ul class=\"ul_0_0\">\n<li class=\"li_0_0\">Controllate la posta ogni giorno e rimanete sotto la vostra quota assegnata di spazio su disco (se applicabile).<\/li>\n<li class=\"li_0_0\">Cancellate i messaggi non pi\u00f9 utili immediatamente, dal momento che occupano spazio su disco.<\/li>\n<li class=\"li_0_0\">Mantenete i messaggi nella\u00a0<i>mailbox<\/i>\u00a0al numero minimo.<\/li>\n<li class=\"li_0_0\">I messaggi che possono tornare utili possono essere scaricati su file per un utilizzo futuro<\/li>\n<li class=\"li_0_0\">Non date mai per certo che la vostra posta elettronica non possa essere letta da qualcun altro; altri potrebbero essere in grado di leggere o altrimenti accedere alla vostra posta. Non spedite o tenete mai nulla che non siate disposti a vedere nei notiziari della sera.<\/li>\n<\/ul>\n<p>&nbsp;<\/p>\n<hr noshade=\"noshade\" size=\"1\" \/>\n<p>&nbsp;<\/p>\n<div class=\"rvps1\"><b>Il contenuto e la manutenzione dello spazio su disco attribuito ad un utente su un sistema condiviso sono sotto la sua responsabilit\u00e0:<\/b><\/div>\n<p>&nbsp;<\/p>\n<ul class=\"ul_0_0\">\n<li class=\"li_0_0\">Mantenete il numero e la dimensione dei file ad un minimo. I file personali dovrebbero essere scaricati sul vostro personal computer o su altri dischi\/sistemi predisposti allo scopo.<\/li>\n<li class=\"li_0_0\">Usate frequentemente e regolarmente un\u00a0<i>virus scanner<\/i>\u00a0sul vostro sistema, specialmente quando ricevete o scaricate file da altri sistemi, per prevenire la diffusione di un virus.<\/li>\n<li class=\"li_0_0\">I vostri file potrebbero essere accedibili da parte di persone con privilegio amministrativo, pertanto non tenete alcuna informazione personale nel vostro spazio su disco.<\/li>\n<\/ul>\n<p>&nbsp;<\/p>\n<hr noshade=\"noshade\" size=\"1\" \/>\n<p>&nbsp;<\/p>\n<div class=\"rvps1\">\n<h3><b>Regola d&#8217;oro<\/b><\/h3>\n<\/div>\n<p>&nbsp;<\/p>\n<div class=\"rvps1\"><b>semplice \u00e8 meglio!<\/b><\/div>\n<div>\u00a0<\/div>\n","protected":false},"excerpt":{"rendered":"<p>&nbsp; Etica e norme di buon uso dei servizi di rete &nbsp; Fra gli utenti dei servizi telematici di rete, prima fra tutte la rete Internet, ed in particolare fra i lettori dei servizi di &#8220;news&#8221; Usenet, si sono sviluppati nel corso &hellip; <a class=\"kt-excerpt-readmore\" href=\"https:\/\/www.amadeux.net\/multimedia\/supporto\/netiquette\/\" aria-label=\"Netiquette\">Continua a leggere<\/a><\/p>\n","protected":false},"author":1,"featured_media":0,"parent":186,"menu_order":0,"comment_status":"closed","ping_status":"closed","template":"","meta":{"footnotes":""},"class_list":["post-394","page","type-page","status-publish","hentry"],"_links":{"self":[{"href":"https:\/\/www.amadeux.net\/multimedia\/wp-json\/wp\/v2\/pages\/394","targetHints":{"allow":["GET"]}}],"collection":[{"href":"https:\/\/www.amadeux.net\/multimedia\/wp-json\/wp\/v2\/pages"}],"about":[{"href":"https:\/\/www.amadeux.net\/multimedia\/wp-json\/wp\/v2\/types\/page"}],"author":[{"embeddable":true,"href":"https:\/\/www.amadeux.net\/multimedia\/wp-json\/wp\/v2\/users\/1"}],"replies":[{"embeddable":true,"href":"https:\/\/www.amadeux.net\/multimedia\/wp-json\/wp\/v2\/comments?post=394"}],"version-history":[{"count":1,"href":"https:\/\/www.amadeux.net\/multimedia\/wp-json\/wp\/v2\/pages\/394\/revisions"}],"predecessor-version":[{"id":584,"href":"https:\/\/www.amadeux.net\/multimedia\/wp-json\/wp\/v2\/pages\/394\/revisions\/584"}],"up":[{"embeddable":true,"href":"https:\/\/www.amadeux.net\/multimedia\/wp-json\/wp\/v2\/pages\/186"}],"wp:attachment":[{"href":"https:\/\/www.amadeux.net\/multimedia\/wp-json\/wp\/v2\/media?parent=394"}],"curies":[{"name":"wp","href":"https:\/\/api.w.org\/{rel}","templated":true}]}}