{"id":244,"date":"2024-07-12T16:04:32","date_gmt":"2024-07-12T14:04:32","guid":{"rendered":"https:\/\/www.amadeux.net\/metamedia\/?page_id=244"},"modified":"2026-02-18T13:24:24","modified_gmt":"2026-02-18T12:24:24","slug":"faq","status":"publish","type":"page","link":"https:\/\/www.amadeux.net\/multimedia\/supporto\/faq\/","title":{"rendered":"FAQ"},"content":{"rendered":"<p class=\"rvps1\" style=\"text-align: center;\"><span class=\"rvts136\"><img loading=\"lazy\" decoding=\"async\" class=\"aligncenter\" title=\"FAQ (Domande frequenti) Amadeux Multimedia Ponsacco\" src=\"\/multimedia\/wp-content\/uploads\/faq_amadeux.jpg\" alt=\"FAQ (Domande frequenti) Amadeux Multimedia Ponsacco\" width=\"703\" height=\"123\" \/><\/span><\/p>\n<p>&nbsp;<\/p>\n<h2 class=\"rvps1\" style=\"text-align: center;\"><span class=\"rvts136\">FAQ (Domande frequenti e Risposte)<\/span><\/h2>\n<p>&nbsp;<\/p>\n<div>\n<div id=\"table_2\">\n<div>\n<div id=\"table_4\">\n<div class=\"rvps0\"><b>La storia di Internet<\/b><\/div>\n<div>\u00a0<\/div>\n<div class=\"rvps0\">Da dove proviene? Oggi tutti ne parlano, moltissimi hanno un sito su Internet, ma non sono tanti quelli che conoscono le origini e la sua storia.<\/div>\n<div class=\"rvps0\">Per iniziare con precisione bisogna risalire al 1969, a quel tempo il Dipartimento della Difesa Americana, nota come &#8221; Defense Advanced Project Agency&#8221; decise di sviluppare un sistema semplice per lo scambio d&#8217;informazioni d&#8217;interesse militare, tra scienziati e ricercatori situati in luoghi geografici differenti..<\/div>\n<div class=\"rvps0\">Fu quindi allestita una rete molto semplice, formata con quattro computer, nota come DARPANET, il sistema si afferm\u00f2 nonostante il pessimo nome, che fu cambiato quasi subito in ARPANET, entro il 1972 era cresciuto sino a un massimo di 37 computer collegati.<\/div>\n<div class=\"rvps0\">In questo periodo era anche cambiata la filosofia d&#8217;uso della rete, dallo scambio di dati e noiose informazioni militari, fu utilizzata anche la posta per mezzo di caselle postali elettroniche private.<\/div>\n<div class=\"rvps0\">Entro il 1983 lo sviluppo era cos\u00ec grande che si sent\u00ec l&#8217;esigenza di separare dalla rete la parte militare che fu allocata in MILNET.<\/div>\n<div>\u00a0<\/div>\n<div class=\"rvps0\">Nel 1984 la National Science Foundation, un&#8217;altra agenzia governativa statunitense, inaugur\u00f2 NFSNET, la soluzione al problema di collegare insieme cinque centri di super computer e rendere disponibili le loro informazioni a qualunque istituzione didattica che le richiedesse (ARPANET era nata anche con lo stesso scopo ma fu bloccata da un veto governativo superato poi con NFSNET).<\/div>\n<div>\u00a0<\/div>\n<div class=\"rvps0\">Impostato su un modello di collegamento a catena per garantire a chiunque l&#8217;accesso ad un centro di super computer, il sistema ebbe successo, nel 1987 le persone che usavano NFSNET, erano cos\u00ec aumentate e i siti interconessi erano cos\u00ec tanti da rendere necessario un massiccio potenziamento dell&#8217;infrastruttura.<\/div>\n<div class=\"rvps0\">Nello stesso tempo la rete era aperta alle organizzazioni didattiche, di ricerca accademica, governativa o internazionale che desiderasse utilizzarla purch\u00e9 in quest&#8217;ultimo caso la nazione fosse alleata degli Stati Uniti.<\/div>\n<div class=\"rvps0\">\u00a0<\/div>\n<div class=\"rvps0\">Nel 1990 \u00e8 nata Internet come oggi la conosciamo, da allora la crescita della rete, ormai aperta a tutti, anche da casa propria, \u00e8 stata inarrestabile, da 5000 ad oltre 100 milioni nel 1998.<\/div>\n<\/div>\n<\/div>\n<\/div>\n<\/div>\n<div>\u00a0<\/div>\n<div>\u00a0<\/div>\n<div>\n<div id=\"table_2\">\n<div>\n<div id=\"table_4\">\n<div class=\"rvps0\"><b>La rete delle reti<\/b><\/div>\n<div>\u00a0<\/div>\n<div class=\"rvps0\">Internet viene anche definita la rete delle reti o la Rete (con la R maiuscola), questo perch\u00e9 le migliaia di siti che la compongono in effetti sono delle reti a se stanti, o piccole reti LAN, o enormi reti geografiche WAN.<\/div>\n<div class=\"rvps0\">Tutte queste reti sono collegate ad Internet e vicendevolmente con ogni mezzo, che sia una rete telefonica, linea dedicata o persino con collegamento a microonde.<\/div>\n<div class=\"rvps0\">Essendo ogni rete diversa dalle altre, vuoi per area geografica, per sistema operativo o tipi di computer, per avere una compatibilit\u00e0 di dialogo tra le varie configurazioni, sono richiesti protocolli di comunicazioni standard.<\/div>\n<div class=\"rvps0\">\u00a0<\/div>\n<div class=\"rvps0\">I protocolli che sono impiegati con Internet sono il TCP\/IP (Transmission Control Protocol \/ Internet Protocol).<\/div>\n<div class=\"rvps0\">I network che operano in Internet sono interconnessi da speciali computers detti router (instradatori) in grado di decidere come trasmettere i dati tra le diverse parti della Rete nel modo pi\u00f9 efficiente.<\/div>\n<div class=\"rvps0\">IP indica ai router dove inviare i dati suddivisi in piccoli pacchetti, nel complesso viaggio nella Rete i singoli pacchetti possono anche deteriorarsi o danneggiarsi o perdersi, perci\u00f2 il TCP li fraziona ulteriormente inserendoli entro &#8220;contenitori &#8221; sicuri.<\/div>\n<div class=\"rvps0\">Per non entrare nel tecnico accontentiamoci di sapere che questo protocollo funziona indipendentemente dal computer che l&#8217;utilizza senza perdere nessun dato.<\/div>\n<\/div>\n<\/div>\n<\/div>\n<\/div>\n<div>\u00a0<\/div>\n<div>\u00a0<\/div>\n<div>\n<div id=\"table_2\">\n<div>\n<div id=\"table_4\">\n<div class=\"rvps0\"><b>Il Word Wide Web<\/b><\/div>\n<div>\u00a0<\/div>\n<div class=\"rvps0\">Conosciuto anche come WWW, \u00e8 lo sviluppo pi\u00f9 appassionante e interessante della Rete, quella che fa la differenza nel convincere i neofiti ancora indecisi a rompere ogni indugio e collegarsi alla Rete.<\/div>\n<div class=\"rvps0\">Nato nel 1990 presso l&#8217;European Laboratory for Particle Physics in svizzera (il CERN), il WWW trasforma Internet in una sorta di mega rivista ipertestuale grazie ad una semplice interfaccia grafica.<\/div>\n<div class=\"rvps0\">Il Web, infatti, funziona basato su collegamenti ipertestuali tra documenti, che consentono di saltare da un punto all&#8217;altro di un testo o da un&#8217;immagine all&#8217;altra, in alcuni secondi, con un clik del mouse, le informazioni oggi disponibili consistono in testo, immagini, suoni e filmati.<\/div>\n<div class=\"rvps0\">Oggi le applicazioni pi\u00f9 diffuse per l&#8217;utilizzo del Web sono: Microsoft Explorer e Netscape Navigator, giunte ormai alla versione 6.<\/div>\n<\/div>\n<\/div>\n<\/div>\n<\/div>\n<div>\u00a0<\/div>\n<div>\u00a0<\/div>\n<div>\n<div id=\"table_2\">\n<div>\n<div id=\"table_4\">\n<div class=\"rvps0\"><b>Che cos&#8217;\u00e8 il Web\u00a0\u00a0hosting?<\/b><\/div>\n<div>\u00a0<\/div>\n<div class=\"rvps0\">Il Web hosting \u00e8 un servizio che permette, senza grossi investimenti, di posizionare il proprio sito Web presso un server direttamente connesso alla rete Internet. Grazie a service come Amadeux Multimedia, che alloca spazi su server connessi alle pi\u00f9 veloci linee di comunicazione, \u00e8 possibile avere una forte presenza su Internet.<\/div>\n<div class=\"rvps0\">Possiamo inoltre registrare per Vostro conto il nome di dominio prescelto che vi permetter\u00e0 di essere trovati sulla rete. Essendo l&#8217;email direttamente legata al Vostro dominio (per esempio WWW.VOSTRONOME.COM\/ .ORG\/ .NET\/ .IT) non dovrete avvisare chi possiede il vostro indirizzo, nel caso cambiaste il fornitore di hosting.<\/div>\n<\/div>\n<\/div>\n<\/div>\n<\/div>\n<div>\u00a0<\/div>\n<div>\u00a0<\/div>\n<div>\n<div id=\"table_2\">\n<div>\n<div id=\"table_4\">\n<div class=\"rvps0\"><b>Cos&#8217;\u00e8 la posta elettronica?<\/b><\/div>\n<div>\u00a0<\/div>\n<div class=\"rvps0\">Il servizio di posta elettronica permette, ad un utente connesso alla rete Internet, di inviare e ricevere messaggi in formato elettronico, scambiando cos\u00ec informazioni con altri utenti possessori di caselle di posta elettronica (e-mail).<\/div>\n<p><\/p>\n<div class=\"rvps0\">Il formato di questi messaggi \u00e8 generalmente in formato testo , ma le nuove tecnologie permettono di allegare a questi messaggi files di qualsiasi tipo di formato. (Il formato si riferisce all&#8217;estensione del file).<\/div>\n<\/div>\n<\/div>\n<\/div>\n<\/div>\n<div>\u00a0<\/div>\n<div>\u00a0<\/div>\n<div>\n<div id=\"table_2\">\n<div>\n<div id=\"table_4\">\n<div class=\"rvps0\"><b>Cos&#8217;\u00e8 un nome di dominio?<\/b><\/div>\n<div>\u00a0<\/div>\n<div class=\"rvps0\">Innanzitutto bisogna sapere che ogni computer connesso in internet ha\u00a0<b>un indirizzo IP<\/b>\u00a0ovvero un codice identificativo univoco che ne permette la reperibilit\u00e0 nella grande rete internet. Perci\u00f2 il nome di\u00a0 un dominio \u00e8 semplicemente un alias associato ad un indirizzo IP. Quando viene richiesta da un utente la connessione ad un sito tramite la digitazione del nome, alcune macchine chiamate Domain Name Server convertono il nome del dominio in indirizzo IP agevolando cos\u00ec la ricerca sulla rete. Il nome del dominio Vi permette perci\u00f2 di essere identificati sul Web non tramite una sequenza di numeri, ma tramite il nome di dominio che avrete scelto per identificare il vostro sito.<\/div>\n<\/div>\n<\/div>\n<\/div>\n<\/div>\n<div>\u00a0<\/div>\n<div>\u00a0<\/div>\n<div>\n<div id=\"table_2\">\n<div>\n<div id=\"table_4\">\n<div class=\"rvps0\"><b>Chi \u00e8 il proprietario del nome\u00a0\u00a0di dominio?<\/b><\/div>\n<div>\u00a0<\/div>\n<div class=\"rvps0\">Il proprietario del nome a dominio \u00e8 quell&#8217;entita fisica o legale che ha provveduto alla registrazione del dominio stesso. La stessa entit\u00e0 che ha effettuato la registrazione del dominio e sar\u00e0 responsabile dei contenuti del web e dei rapporti amministrativi.<\/div>\n<div class=\"rvps0\">(ADMIN-C per i domini italiani &#8211; Administrative contact per i domini com org net)<\/div>\n<\/div>\n<\/div>\n<\/div>\n<\/div>\n<div>\u00a0<\/div>\n<div>\u00a0<\/div>\n<div>\n<div id=\"table_2\">\n<div>\n<div id=\"table_4\">\n<div class=\"rvps0\"><b>Come si inizia a fare e-business?<\/b><\/div>\n<div>\u00a0<\/div>\n<div class=\"rvps0\">Per le nuove attivit\u00e0:<\/div>\n<div>\u00a0<\/div>\n<div class=\"rvps0\">Per iniziare una nuova attivit\u00e0 \u00e8 naturalmente necessaria una buona idea che nasca essenzialmente dalla capacit\u00e0 di individuare un bisogno non ancora soddisfatto o che sia soddisfatto in modo parziale e insufficiente. Ma ci\u00f2 che veramente pu\u00f2 caratterizzare il successo di un&#8217;attivit\u00e0, in particolar modo su internet, \u00e8 che si tratti di &#8220;un&#8217;idea di nicchia&#8221;, essere i primi \u00e8 fondamentale solo cos\u00ec si pu\u00f2 competere con le grandi aziende.<\/div>\n<div>\u00a0<\/div>\n<div class=\"rvps0\">Per chi ha gi\u00e0 un&#8217;attivit\u00e0 tradizionale:<\/div>\n<div>\u00a0<\/div>\n<div class=\"rvps0\">E&#8217; ormai diventato imprescindibile per le aziende esistenti fare affari on line. Ci\u00f2 avviene mediante un processo strategico che prevede quattro fasi.<\/div>\n<div>\u00a0<\/div>\n<div class=\"rvps0\">&#8211; La prima consiste nel capire cosa \u00e8 l&#8217;e-business (da non confondere con\u00a0<a class=\"rvts4\" href=\"https:\/\/www.amadeux.net\/multimedia\/servizi\/e_commerce.html\" target=\"_top\" rel=\"noopener\">e-commerce<\/a>\u00a0che riguarda il commercio elettronico in tempo reale con transazioni online) e a che cosa potr\u00e0 servire in termini di sviluppo per la nostra azienda. Il problema principale non sar\u00e0 tanto quello della realizzazione del sito web, che pu\u00f2 essere affidata a professionisti esterni, quanto, piuttosto, come cambieranno la struttura, il processo produttivo, le professioni all&#8217;interno dell&#8217;azienda ed il rapporto col cliente che su internet \u00e8 ancora pi\u00f9 fondamentale e personalizzato.<\/div>\n<div class=\"rvps0\">\u00a0<\/div>\n<div class=\"rvps0\">&#8211; La seconda fase consister\u00e0 nel valutare quali sono le risorse finanziarie disponibili per far fronte al progetto di e &#8211; business come migliorare le performance aziendali per rispondere alla nuova domanda di mercato e la definizione della logistica, questa, secondo me \u00e8 la fase pi\u00f9 importante se pensate che molte aziende sono fallite perch\u00e9 non sono riuscite a rispondere efficientemente alla domanda del mercato o non hanno avuto un buon servizio logistico.\u00a0<\/div>\n<div>\u00a0<\/div>\n<div class=\"rvps0\">&#8211; La terza fase consister\u00e0 nel collegare in una rete interna le pi\u00f9 importanti funzioni aziendali per facilitare lo scambio d&#8217; informazioni.<\/div>\n<div>\u00a0<\/div>\n<div class=\"rvps0\">&#8211; La quarta fase riguarda la costruzione del sito web la sua pubblicizzazione, e l&#8217;avvio di eventuali partnerships per garantire una presenza pi\u00f9 capillare sul territorio e su internet e per migliorare l&#8217;offerta. A questo punto \u00e8 fatta!<\/div>\n<div>\u00a0<\/div>\n<div class=\"rvps1\">\u00a0<\/div>\n<\/div>\n<\/div>\n<\/div>\n<\/div>\n","protected":false},"excerpt":{"rendered":"<p>&nbsp; FAQ (Domande frequenti e Risposte) &nbsp; La storia di Internet \u00a0 Da dove proviene? Oggi tutti ne parlano, moltissimi hanno un sito su Internet, ma non sono tanti quelli che conoscono le origini e la sua storia. Per iniziare con precisione &hellip; <a class=\"kt-excerpt-readmore\" href=\"https:\/\/www.amadeux.net\/multimedia\/supporto\/faq\/\" aria-label=\"FAQ\">Continua a leggere<\/a><\/p>\n","protected":false},"author":1,"featured_media":0,"parent":186,"menu_order":0,"comment_status":"closed","ping_status":"closed","template":"","meta":{"footnotes":""},"class_list":["post-244","page","type-page","status-publish","hentry"],"_links":{"self":[{"href":"https:\/\/www.amadeux.net\/multimedia\/wp-json\/wp\/v2\/pages\/244","targetHints":{"allow":["GET"]}}],"collection":[{"href":"https:\/\/www.amadeux.net\/multimedia\/wp-json\/wp\/v2\/pages"}],"about":[{"href":"https:\/\/www.amadeux.net\/multimedia\/wp-json\/wp\/v2\/types\/page"}],"author":[{"embeddable":true,"href":"https:\/\/www.amadeux.net\/multimedia\/wp-json\/wp\/v2\/users\/1"}],"replies":[{"embeddable":true,"href":"https:\/\/www.amadeux.net\/multimedia\/wp-json\/wp\/v2\/comments?post=244"}],"version-history":[{"count":2,"href":"https:\/\/www.amadeux.net\/multimedia\/wp-json\/wp\/v2\/pages\/244\/revisions"}],"predecessor-version":[{"id":588,"href":"https:\/\/www.amadeux.net\/multimedia\/wp-json\/wp\/v2\/pages\/244\/revisions\/588"}],"up":[{"embeddable":true,"href":"https:\/\/www.amadeux.net\/multimedia\/wp-json\/wp\/v2\/pages\/186"}],"wp:attachment":[{"href":"https:\/\/www.amadeux.net\/multimedia\/wp-json\/wp\/v2\/media?parent=244"}],"curies":[{"name":"wp","href":"https:\/\/api.w.org\/{rel}","templated":true}]}}