{"id":2,"date":"2024-07-07T11:08:40","date_gmt":"2024-07-07T11:08:40","guid":{"rendered":"https:\/\/www.amadeux.net\/metamedia\/?page_id=2"},"modified":"2026-03-25T12:09:08","modified_gmt":"2026-03-25T11:09:08","slug":"sample-page","status":"publish","type":"page","link":"https:\/\/www.amadeux.net\/multimedia\/","title":{"rendered":"HOME"},"content":{"rendered":"<div>\n<div id=\"table_2\" style=\"text-align: center;\">\n<div>\u00a0<\/div>\n<h2 class=\"rvps1\" style=\"text-align: center;\"><span class=\"cfont\" style=\"font-family: 'courier new', courier, monospace; font-size: 28px; color: #ffffff;\" data-size=\"36\">AmadeuX MultiMedia network<\/span><\/h2>\n<h2 class=\"rvps1\" style=\"text-align: center;\"><span class=\"cfont\" style=\"font-size: 18px;\" data-size=\"20\">MetaMedia Productions &#8211; AudioTerapia &#8211; Internet Services &#8211; InFormazione<\/span><\/h2>\n<div><img loading=\"lazy\" decoding=\"async\" class=\"aligncenter wp-image-580\" title=\"Amadeux MultiMedia network: MultiMedia Productions - PsicoAcustica - Internet Service - InFormazione\" src=\"https:\/\/www.amadeux.net\/multimedia\/wp-content\/uploads\/music_of_the_spheres_amadeux2.jpg\" alt=\"Amadeux MultiMedia network: MultiMedia Productions - PsicoAcustica - Internet Service - InFormazione\" width=\"702\" height=\"234\" srcset=\"https:\/\/www.amadeux.net\/multimedia\/wp-content\/uploads\/music_of_the_spheres_amadeux2.jpg?t=1775474866 768w, https:\/\/www.amadeux.net\/multimedia\/wp-content\/uploads\/music_of_the_spheres_amadeux2-300x100.jpg?t=1775474866 300w\" sizes=\"auto, (max-width: 702px) 100vw, 702px\" \/><\/div>\n<\/div>\n<\/div>\n<div>\u00a0<\/div>\n<div>\u00a0<\/div>\n<div>\n<div id=\"table_2\" style=\"text-align: center;\">\n<div style=\"text-align: center;\">\n<div id=\"table_3\" style=\"width: 90%; margin: auto; padding: 10px; border: 1px solid #555555; background-color: #333333;\">\n<div>\u00a0<\/div>\n<div class=\"rvps1\"><img loading=\"lazy\" decoding=\"async\" class=\"aligncenter\" src=\"\/multimedia\/wp-content\/uploads\/xfi_webdings48_90.png\" alt=\"\" width=\"70\" height=\"54\" title=\"\"><\/div>\n<div class=\"rvps1\"><a class=\"rvts20\" href=\"https:\/\/www.amadeux.net\/multimedia\/servizi\/\"><b>MULTIMEDIA<\/b><\/a><\/div>\n<div>\u00a0<\/div>\n<div class=\"rvps1\"><span style=\"font-size: 14px;\">Sezione dedicata alle\u00a0<b>Produzioni<\/b><b>AUDIO e VIDEO<\/b>\u00a0multimediali e ai\u00a0<a class=\"rvts4\" href=\"https:\/\/www.amadeux.net\/multimedia\/servizi\/\">Servizi <\/a><b>Internet e Intranet<\/b>&#8230;<\/span><\/div>\n<div>\u00a0<\/div>\n<\/div>\n<div>\u00a0<\/div>\n<div style=\"text-align: center;\">\n<div id=\"table_4\" style=\"width: 90%; margin: auto; padding: 10px; border: 1px solid #555555; background-color: #333333;\">\n<div>\u00a0<\/div>\n<div class=\"rvps1\"><img loading=\"lazy\" decoding=\"async\" class=\"aligncenter\" src=\"\/multimedia\/wp-content\/uploads\/xfi_webdings48_77.png\" alt=\"\" width=\"80\" height=\"54\" title=\"\"><\/div>\n<div class=\"rvps1\"><a class=\"rvts20\" href=\"https:\/\/www.amadeux.net\/multimedia\/network\/\"><b>NETWORK<\/b><\/a><\/div>\n<div>\u00a0<\/div>\n<div class=\"rvps1\"><span style=\"font-size: 14px;\">Sezione dedicata ai\u00a0<b>Servizi<\/b>\u00a0del\u00a0<a class=\"rvts4\" href=\"https:\/\/www.amadeux.net\/multimedia\/network\/\">NETWORK<\/a>\u00a0disponibili per\u00a0<b>Partners, Collaboratori<\/b>\u00a0e<b>\u00a0Visitatori<\/b>&#8230;<\/span><\/div>\n<div>\u00a0<\/div>\n<\/div>\n<div>\u00a0<\/div>\n<div style=\"text-align: center;\">\n<div id=\"table_5\" style=\"width: 90%; margin: auto; padding: 10px; border: 1px solid #555555; background-color: #333333;\">\n<div>\u00a0<\/div>\n<div class=\"rvps1\"><img loading=\"lazy\" decoding=\"async\" class=\"aligncenter\" src=\"\/multimedia\/wp-content\/uploads\/xfi_webdings48_90.png\" alt=\"\" width=\"70\" height=\"54\" title=\"\"><\/div>\n<div class=\"rvps1\"><a class=\"rvts20\" href=\"https:\/\/www.amadeux.net\/multimedia\/servizi\/webdesign-realizzazione-siti-web\"><b>SERVIZI WEB<\/b><\/a><\/div>\n<div>\u00a0<\/div>\n<div class=\"rvps1\"><span style=\"font-size: 14px;\">Sezione dedicata ai vari\u00a0<a class=\"rvts4\" href=\"https:\/\/www.amadeux.net\/multimedia\/servizi\/webdesign-realizzazione-siti-web\">Servizi<\/a>\u00a0Web, Internet<b>\u00a0ed eCommerce<\/b>&#8230;<\/span><\/div>\n<div>\u00a0<\/div>\n<\/div>\n<div>\u00a0<\/div>\n<div>\n<div id=\"table_6\" style=\"width: 90%; margin: auto; padding: 10px; border: 1px solid #555555; background-color: #333333;\">\n<div>\u00a0<\/div>\n<div class=\"rvps1\" style=\"text-align: center;\"><img loading=\"lazy\" decoding=\"async\" class=\"aligncenter\" src=\"\/multimedia\/wp-content\/uploads\/xfi_webdings48_76.png\" alt=\"f\" width=\"80\" height=\"54\" title=\"\"><\/div>\n<div class=\"rvps1\"><a class=\"rvts20\" href=\"https:\/\/www.amadeux.net\/multimedia\/supporto\/\"><b>SUPPORTO<\/b><\/a><\/div>\n<div>\u00a0<\/div>\n<div class=\"rvps1\"><span style=\"font-size: 14px;\">Sezione dedicata all&#8217;<b>ASSISTENZA\u00a0<\/b>e al\u00a0<a class=\"rvts4\" href=\"https:\/\/www.amadeux.net\/multimedia\/supporto\/\">SUPPORTO<\/a>\u00a0per gli Utilizzatori e Operatori del Network&#8230;<\/span><\/div>\n<div>\u00a0<\/div>\n<\/div>\n<div>\u00a0<\/div>\n<div>\u00a0<\/div>\n<div class=\"rvps1\"><b>AmadeuX network <\/b>\u00e8 un network metamediale interdisciplinare nato agli inizi del 2000 da un&#8217;idea di <a class=\"rvts4\" href=\"http:\/\/www.marcostefanelli.com\/\" target=\"_blank\" rel=\"noopener\">Marco Stefanelli<\/a>\u00a0per offrire a chiunque una\u00a0<b>informazione olistica<\/b> indipendente e alcuni <b>servizi web e multimediali tecnologicamente avanzati<\/b>\u00a0ed evolutivi in armonia con l&#8217;<b>Ordine Etico<\/b>\u00a0<b>Naturale Universale<\/b>\u00a0(<a class=\"rvts4\" href=\"http:\/\/it.wikipedia.org\/wiki\/Dharma\" target=\"_blank\" rel=\"noopener\">Dharma<\/a>).<\/div>\n<\/div>\n<\/div>\n<\/div>\n<\/div>\n<div>\u00a0<\/div>\n<div style=\"text-align: center;\">\n<div style=\"text-align: center;\">\n<div style=\"text-align: center;\">\n<div>\n<div class=\"rvps1\">Il network si avvale di collaborazioni, outsourcing, GPL e OpenSource.<\/div>\n<div>\u00a0<\/div>\n<div>\u00a0<\/div>\n<div class=\"rvps1\"><img loading=\"lazy\" decoding=\"async\" class=\"aligncenter\" title=\"Amadeux Network\u00a0multimediale e interdisciplinare a Ponsacco Pisa\" src=\"\/multimedia\/wp-content\/uploads\/amadeux_multimedia_30966610168_6567c87055_o.jpg\" alt=\"Amadeux Network\u00a0multimediale e interdisciplinare a Ponsacco Pisa\" width=\"850\" height=\"367\" \/><\/div>\n<div>\u00a0<\/div>\n<div>\u00a0<\/div>\n<div class=\"rvps1\"><span class=\"cfont\" style=\"color: #ffcc00; font-size: 16px;\" data-size=\"17\">&#8220;Collaborazione \u00e8 superiore a competizione.&#8221;<\/span><\/div>\n<div class=\"rvps1\"><span class=\"cfont\" style=\"color: #ffcc00; font-size: 14px;\" data-size=\"14\">&#8211; Marco Stefanelli &#8211;<\/span><\/div>\n<\/div>\n<\/div>\n<\/div>\n<\/div>\n<\/div>\n<\/div>\n<div>\u00a0<\/div>\n<div style=\"text-align: center;\">&#8220;La legge della biologia richiede cooperazione. La legge dell&#8217;economia richiede competizione. Quindi, una societ\u00e0 competitiva \u00e8 intrinsecamente patologica. La competizione \u00e8 l\u2019esatto contrario della risonanza: come faccio a risuonare con qualcuno se debbo competere con lui, perch\u00e9 o vinco io o vince lui? Finch\u00e9 esiste un regime fondato sulla competizione tra gli esseri umani il problema della felicit\u00e0 non potr\u00e0 mai essere risolto&#8221;.<br \/>\n&#8211; Prof. Emilio Del Giudice &#8211;<\/div>\n<div>\u00a0<\/div>\n<div>\u00a0<\/div>\n<div style=\"text-align: center;\"><iframe loading=\"lazy\" src=\"\/\/www.youtube.com\/embed\/FpJoXlda3Rg\" width=\"90%\" height=\"360\" frameborder=\"0\" allowfullscreen=\"allowfullscreen\"><\/iframe><\/div>\n<div>\n<div id=\"table_2\" style=\"text-align: center;\">\n<div style=\"text-align: center;\">\n<div style=\"text-align: center;\">\n<div style=\"text-align: center;\">\n<div>\n<div>\u00a0<\/div>\n<div>\u00a0<\/div>\n<div class=\"rvps1\">Attualmente non siamo un&#8217;azienda commerciale ma un&#8217;attivit\u00e0 privata di ricerca e sperimentazione, autofinanziata e senza scopo di lucro,<b>\u00a0sosteneteci anche con una vostra\u00a0<\/b><a class=\"rvts4\" href=\"https:\/\/www.amadeux.net\/paypal\/dona.htm\" target=\"_blank\" rel=\"noopener\"><b>libera donazione<\/b><\/a><b>!<\/b><br \/>\nRiceverete in omaggio un brano audio HRM per rilassamento scaricabile in formato MP3 \u00bb\u00a0<a class=\"rvts4\" href=\"https:\/\/www.amadeux.net\/paypal\/dona.htm\" target=\"_blank\" rel=\"noopener\">amadeux.net\/paypal\/dona.htm<\/a><\/div>\n<div>\u00a0<\/div>\n<\/div>\n<div style=\"text-align: center;\">\u00a0<\/div>\n<\/div>\n<\/div>\n<\/div>\n<\/div>\n<\/div>\n","protected":false},"excerpt":{"rendered":"<p>\u00a0 AmadeuX MultiMedia network MetaMedia Productions &#8211; AudioTerapia &#8211; Internet Services &#8211; InFormazione \u00a0 \u00a0 \u00a0 MULTIMEDIA \u00a0 Sezione dedicata alle\u00a0ProduzioniAUDIO e VIDEO\u00a0multimediali e ai\u00a0Servizi Internet e Intranet&#8230; \u00a0 \u00a0 \u00a0 NETWORK \u00a0 Sezione dedicata ai\u00a0Servizi\u00a0del\u00a0NETWORK\u00a0disponibili per\u00a0Partners, Collaboratori\u00a0e\u00a0Visitatori&#8230; \u00a0 \u00a0 \u00a0 SERVIZI &hellip; <a class=\"kt-excerpt-readmore\" href=\"https:\/\/www.amadeux.net\/multimedia\/\" aria-label=\"HOME\">Continua a leggere<\/a><\/p>\n","protected":false},"author":1,"featured_media":0,"parent":0,"menu_order":0,"comment_status":"closed","ping_status":"closed","template":"","meta":{"footnotes":""},"class_list":["post-2","page","type-page","status-publish","hentry"],"_links":{"self":[{"href":"https:\/\/www.amadeux.net\/multimedia\/wp-json\/wp\/v2\/pages\/2","targetHints":{"allow":["GET"]}}],"collection":[{"href":"https:\/\/www.amadeux.net\/multimedia\/wp-json\/wp\/v2\/pages"}],"about":[{"href":"https:\/\/www.amadeux.net\/multimedia\/wp-json\/wp\/v2\/types\/page"}],"author":[{"embeddable":true,"href":"https:\/\/www.amadeux.net\/multimedia\/wp-json\/wp\/v2\/users\/1"}],"replies":[{"embeddable":true,"href":"https:\/\/www.amadeux.net\/multimedia\/wp-json\/wp\/v2\/comments?post=2"}],"version-history":[{"count":10,"href":"https:\/\/www.amadeux.net\/multimedia\/wp-json\/wp\/v2\/pages\/2\/revisions"}],"predecessor-version":[{"id":646,"href":"https:\/\/www.amadeux.net\/multimedia\/wp-json\/wp\/v2\/pages\/2\/revisions\/646"}],"wp:attachment":[{"href":"https:\/\/www.amadeux.net\/multimedia\/wp-json\/wp\/v2\/media?parent=2"}],"curies":[{"name":"wp","href":"https:\/\/api.w.org\/{rel}","templated":true}]}}