{"id":176,"date":"2024-07-12T10:38:20","date_gmt":"2024-07-12T08:38:20","guid":{"rendered":"https:\/\/www.amadeux.net\/metamedia\/?page_id=176"},"modified":"2026-02-23T09:57:04","modified_gmt":"2026-02-23T08:57:04","slug":"servizi","status":"publish","type":"page","link":"https:\/\/www.amadeux.net\/multimedia\/servizi\/","title":{"rendered":"MULTIMEDIA"},"content":{"rendered":"<div class=\"rvps1\"><img loading=\"lazy\" decoding=\"async\" class=\"aligncenter\" title=\" Produzioni AUDIO e VIDEO MultiMediali e siti web per Internet a Ponsacco Pisa Pontedera\" src=\"..\/wp-content\/uploads\/IMG_0146m_1.jpg\" alt=\" Produzioni AUDIO e VIDEO MultiMediali e siti web per Internet\" width=\"702\" height=\"342\" \/><\/div>\n<p>&nbsp;<\/p>\n<div class=\"rvps1\">\n<h2 style=\"text-align: center;\">Produzioni AUDIO e VIDEO MultiMediali<\/h2>\n<\/div>\n<div class=\"rvps1\" style=\"text-align: center;\"><span class=\"rvts64\">(comprensivi di outsourcing e collaborazioni)<\/span><\/div>\n<p>&nbsp;<\/p>\n<div class=\"rvps0\">Progettiamo e produciamo musiche e sonorit\u00e0 con elementi induttivi subliminali benefici e curativi per l&#8217;utilizzo in musicoterapia, audioterapia, suonoterapia, psicoacustica, neuroacustica, ecc&#8230;<\/div>\n<p>&nbsp;<\/p>\n<div class=\"rvps0\">A questo argomento abbiamo dedicato un intero sito denominato SubLimen.<\/div>\n<div class=\"rvps0\"><a class=\"rvts4\" href=\"http:\/\/www.sublimen.com\/\" target=\"_blank\" rel=\"noopener\">SubLimen.com<\/a>\u00a0\u00e8 un sito web del Network Amadeux dedicato alla ricerca e alla sperimentazione in ambito sonoro, audio, psicoacustico, musicale, visivo ed evolutivo.<\/div>\n<p>&nbsp;<\/p>\n<div class=\"rvps0\">In questo sito trattiamo prevalentemente delle moderne tecniche e tecnologie soniche e audioterapeutiche associate alle metodologie induttive pi\u00f9 efficaci e alle antiche conoscenze esoteriche in materia.<\/div>\n<p>&nbsp;<\/p>\n<ul class=\"ul_0_0\">\n<li class=\"li_0_0\">DJ-Set &amp; Live-Set di musica olistica e BWE*<\/li>\n<li class=\"li_0_0\">Sessioni e Corsi di Audioterapia BWE* di gruppo e personalizzati<\/li>\n<li class=\"li_0_0\">Realizzazione di sonorit\u00e0 olistiche e BWE* personalizzate<\/li>\n<\/ul>\n<p>&nbsp;<\/p>\n<div class=\"rvps0\"><span class=\"rvts8\">* BWE = BrainWave Entrainment, Induzioni cerebrali con vibrazioni infrasoniche subliminali.<\/span><\/div>\n<p>&nbsp;<\/p>\n<div class=\"rvps1\"><a href=\"https:\/\/www.sublimen.com\/\" target=\"_blank\" rel=\"noopener\"><img loading=\"lazy\" decoding=\"async\" class=\"aligncenter\" title=\"sublimen site\" src=\"..\/wp-content\/uploads\/sublimen_adv2.jpg\" alt=\"sublimen sito\" width=\"714\" height=\"262\" \/><\/a><\/div>\n<p>&nbsp;<\/p>\n<div class=\"rvps1\" style=\"text-align: center;\">Sito dedicato:\u00a0<a class=\"rvts4\" href=\"http:\/\/www.sublimen.com\/\" target=\"_blank\" rel=\"noopener\"><b>www.sublimen.com<\/b><\/a><\/div>\n<p>&nbsp;<\/p>\n<p>&nbsp;<\/p>\n<div class=\"rvps1\"><img loading=\"lazy\" decoding=\"async\" class=\"aligncenter\" title=\"Progettiamo e produciamo musiche e sonorit\u00e0 con elementi induttivi subliminali benefici e curativi per l\u2019utilizzo in musicoterapia, audioterapia, suonoterapia, psicoacustica, neuroacustica, ecc... \" src=\"..\/wp-content\/uploads\/G0150166_2.jpg\" alt=\"Progettiamo e produciamo musiche e sonorit\u00e0 con elementi induttivi subliminali benefici e curativi per l\u2019utilizzo in musicoterapia, audioterapia, suonoterapia, psicoacustica, neuroacustica, ecc... \" width=\"714\" height=\"430\" \/><\/div>\n<p>&nbsp;<\/p>\n<p>&nbsp;<\/p>\n<h3 class=\"rvps1\" style=\"text-align: center;\"><span class=\"rvts136\">Servizi<\/span><span class=\"rvts136\">\u00a0INTERNET e INTRANET<\/span><\/h3>\n<div class=\"rvps1\" style=\"text-align: center;\"><span class=\"rvts64\">(comprensivi di outsourcing e collaborazioni)<\/span><\/div>\n<p>&nbsp;<\/p>\n<div class=\"rvps0\">Internet non \u00e8 solo connessione alla rete e posta elettronica!<\/div>\n<div class=\"rvps0\">Internet diventer\u00e0 sempre pi\u00f9 mezzo di lavoro, comunicazione e commercio elettronico.<\/div>\n<div class=\"rvps0\">La presenza in rete oggi \u00e8 un passo obbligato per qualsiasi tipo di attivit\u00e0, ma essere presenti non basta per creare nuovi contatti e un ritorno d\u2019investimento e d\u2019immagine, occorre anche una gestione ottimizzata in base alle esigenze dell\u2019utente.<\/div>\n<div class=\"rvps3\">\u00a0<\/div>\n<div class=\"rvps3\">\u00a0<\/div>\n<div class=\"rvps1\"><img loading=\"lazy\" decoding=\"async\" class=\"aligncenter\" title=\"studio 3 audio video amadeux multimedia\" src=\"..\/wp-content\/uploads\/DSC_04132.jpg\" alt=\"studio 3 audio video amadeux multimedia\" width=\"500\" height=\"161\" \/><\/div>\n<div class=\"rvps3\">\u00a0<\/div>\n<p>&nbsp;<\/p>\n<h4 class=\"rvps1\" style=\"text-align: center;\"><span class=\"rvts32\">Ideazione, Progettazione, Realizzazione <\/span><span class=\"rvts32\">e Gestione Siti Internet e Servizi Web<\/span><\/h4>\n<p>&nbsp;<\/p>\n<ul class=\"ul_0_0\">\n<li class=\"li_0_0\">consulenza (indipendente e\u00a0<a class=\"rvts4\" href=\"https:\/\/www.amadeux.net\/multimedia\/supporto\/\" target=\"_top\" rel=\"noopener\">gratuita<\/a>)<\/li>\n<li class=\"li_0_0\">installazione ed attivazione della connessione ad Internet e formazione<\/li>\n<li class=\"li_0_0\">servizi di hosting e gestione spazio web<\/li>\n<li class=\"li_0_0\">registrazione e gestione domini italiani ed internazionali<\/li>\n<li class=\"li_0_0\">gestione e realizzazione siti di qualsiasi tipo su qualsiasi Provider<\/li>\n<li class=\"li_0_0\">manutenzione del sito e della posta elettronica<\/li>\n<li class=\"li_0_0\">studio del layout grafico coordinato con la corrente immagine del cliente<\/li>\n<li class=\"li_0_0\">progetto della struttura logica dell\u2019ipertesto in Internet<\/li>\n<li class=\"li_0_0\">realizzazione\u00a0<a class=\"rvts4\" href=\"https:\/\/www.amadeux.net\/multimedia\/network\/negozi\" target=\"_top\" rel=\"noopener\"><b>negozi virtuali (e.commerce)<\/b><\/a>\u00a0per vendita via Internet<\/li>\n<li class=\"li_0_0\">restyling di vecchi siti o pagine web<\/li>\n<li>AI applications<\/li>\n<li class=\"li_0_0\">servizi fotografici, servizi video e digitalizzazione immagini<\/li>\n<li class=\"li_0_0\">programmazione in Html, DHtml, Xml, JScript-Java, Ajax, Perl, SQL-Mysql, VBScript-Asp, PHP, VR-Vrml ecc&#8230;<\/li>\n<li class=\"li_0_0\">installazione e gestione piattaforme WordPress, Woocommerce, Joomla, Virtuemart, Drupal, Magento, Prestashop, Opencart, Wikimedia ecc&#8230;<\/li>\n<li class=\"li_0_0\">immissione e mantenimento in Internet<\/li>\n<li class=\"li_0_0\">indicizzazione nei motori di ricerca e directories della rete<\/li>\n<li class=\"li_0_0\">inserimento di Form, Video, Audio ecc&#8230;<\/li>\n<\/ul>\n<p>&nbsp;<\/p>\n<div class=\"rvps1\"><img loading=\"lazy\" decoding=\"async\" class=\"aligncenter\" title=\"Servizi per Produzioni AUDIO e VIDEO MultiMediali e siti web per Internet\" src=\"..\/wp-content\/uploads\/IMG_0151m.jpg\" alt=\"Produzioni AUDIO e VIDEO MultiMediali e siti web per Internet\" width=\"714\" height=\"445\" \/><\/div>\n<p>&nbsp;<\/p>\n<p>&nbsp;<\/p>\n<h3 class=\"rvps1\" style=\"text-align: center;\"><span class=\"rvts136\">Altri Servizi<\/span><\/h3>\n<div class=\"rvps1\" style=\"text-align: center;\"><span class=\"rvts64\">(comprensivi di outsourcing e collaborazioni)<\/span><\/div>\n<p>&nbsp;<\/p>\n<div class=\"rvps0\">Molte imprese non sono costantemente aggiornate su hardware e software pi\u00f9 recente e gestiscono magazzini, contabilit\u00e0 e movimenti con elaboratori troppo &#8220;vecchi&#8221; ed obsoleti che in realt\u00e0 sono controproducenti. Inoltre hanno del personale poco o male formato. Amadeux Network vi aiuta a risolvere queste ed altre problematiche.<\/div>\n<div class=\"rvps3\">\u00a0<\/div>\n<p>&nbsp;<\/p>\n<h4 class=\"rvps1\" style=\"text-align: center;\"><span class=\"rvts32\">Ideazione, Progettazione, Realizzazione <\/span><span class=\"rvts32\">e Gestione Sistemi Informatici ed Applicativi<\/span><\/h4>\n<p>&nbsp;<\/p>\n<ul class=\"ul_0_0\">\n<li class=\"li_0_0\">consulenza (indipendente e\u00a0<a class=\"rvts4\" href=\"https:\/\/www.amadeux.net\/multimedia\/supporto\/\" target=\"_top\" rel=\"noopener\">gratuita<\/a>)<\/li>\n<li class=\"li_0_0\">ideazione e realizzazione cataloghi, brochures, depliants, listini, volantini ecc&#8230;<\/li>\n<li>AI applications<\/li>\n<li class=\"li_0_0\">realizzazione programmi applicativi personalizzati ed installazione software<\/li>\n<li class=\"li_0_0\">realizzazione e gestione reti Intranet, Extranet, Lan ecc&#8230;<\/li>\n<li class=\"li_0_0\">programmazione in Html, Css, DHtml, Xml, JScript-Java, Ajax, Flash-ActionScript, C++, Python, Perl, SQL, RPG, PL1, VisualBasic\/VBScript-Asp, PHP, VR-Vrml ecc&#8230;<\/li>\n<li class=\"li_0_0\">ideazione e realizzazione applicativi multimediali, 3D, VR, BR-DVD-CD Audio\/Video, Web-CD\/DVD ecc&#8230;<\/li>\n<li class=\"li_0_0\">servizi fotografici, servizi video e digitalizzazione immagini\/video<\/li>\n<li class=\"li_0_0\">formazione e addestramento per singoli e gruppi<\/li>\n<\/ul>\n<p>&nbsp;<\/p>\n","protected":false},"excerpt":{"rendered":"<p>&nbsp; Produzioni AUDIO e VIDEO MultiMediali (comprensivi di outsourcing e collaborazioni) &nbsp; Progettiamo e produciamo musiche e sonorit\u00e0 con elementi induttivi subliminali benefici e curativi per l&#8217;utilizzo in musicoterapia, audioterapia, suonoterapia, psicoacustica, neuroacustica, ecc&#8230; &nbsp; A questo argomento abbiamo dedicato un intero &hellip; <a class=\"kt-excerpt-readmore\" href=\"https:\/\/www.amadeux.net\/multimedia\/servizi\/\" aria-label=\"MULTIMEDIA\">Continua a leggere<\/a><\/p>\n","protected":false},"author":1,"featured_media":0,"parent":0,"menu_order":0,"comment_status":"closed","ping_status":"closed","template":"","meta":{"footnotes":""},"class_list":["post-176","page","type-page","status-publish","hentry"],"_links":{"self":[{"href":"https:\/\/www.amadeux.net\/multimedia\/wp-json\/wp\/v2\/pages\/176","targetHints":{"allow":["GET"]}}],"collection":[{"href":"https:\/\/www.amadeux.net\/multimedia\/wp-json\/wp\/v2\/pages"}],"about":[{"href":"https:\/\/www.amadeux.net\/multimedia\/wp-json\/wp\/v2\/types\/page"}],"author":[{"embeddable":true,"href":"https:\/\/www.amadeux.net\/multimedia\/wp-json\/wp\/v2\/users\/1"}],"replies":[{"embeddable":true,"href":"https:\/\/www.amadeux.net\/multimedia\/wp-json\/wp\/v2\/comments?post=176"}],"version-history":[{"count":4,"href":"https:\/\/www.amadeux.net\/multimedia\/wp-json\/wp\/v2\/pages\/176\/revisions"}],"predecessor-version":[{"id":618,"href":"https:\/\/www.amadeux.net\/multimedia\/wp-json\/wp\/v2\/pages\/176\/revisions\/618"}],"wp:attachment":[{"href":"https:\/\/www.amadeux.net\/multimedia\/wp-json\/wp\/v2\/media?parent=176"}],"curies":[{"name":"wp","href":"https:\/\/api.w.org\/{rel}","templated":true}]}}